{"id":128,"date":"2019-10-23T08:44:40","date_gmt":"2019-10-23T08:44:40","guid":{"rendered":"https:\/\/humanvet.de\/index.php\/about-us\/"},"modified":"2025-01-26T21:54:46","modified_gmt":"2025-01-26T20:54:46","slug":"about-us","status":"publish","type":"page","link":"https:\/\/www.humanvet.de\/index.php\/about-us\/","title":{"rendered":"\u00dcber mich"},"content":{"rendered":"\t\t<div data-elementor-type=\"wp-page\" data-elementor-id=\"128\" class=\"elementor elementor-128\">\n\t\t\t\t\t\t<section class=\"elementor-section elementor-top-section elementor-element elementor-element-a971ed6 elementor-section-boxed elementor-section-height-default elementor-section-height-default\" data-id=\"a971ed6\" data-element_type=\"section\" data-e-type=\"section\">\n\t\t\t\t\t\t<div class=\"elementor-container elementor-column-gap-no\">\n\t\t\t\t\t<div class=\"elementor-column elementor-col-100 elementor-top-column elementor-element elementor-element-402ac10\" data-id=\"402ac10\" data-element_type=\"column\" data-e-type=\"column\">\n\t\t\t<div class=\"elementor-widget-wrap elementor-element-populated\">\n\t\t\t\t\t\t<div class=\"elementor-element elementor-element-398b27a elementor-align-center elementor-widget elementor-widget-heading\" data-id=\"398b27a\" data-element_type=\"widget\" data-e-type=\"widget\" data-widget_type=\"heading.default\">\n\t\t\t\t<div class=\"elementor-widget-container\">\n\t\t\t\t\t<h2 class=\"elementor-heading-title elementor-size-xl\">Mit Liebe und Wissen f\u00fcr die Gesundheit deines Tieres<\/h2>\t\t\t\t<\/div>\n\t\t\t\t<\/div>\n\t\t\t\t<div class=\"elementor-element elementor-element-260f96b elementor-view-default elementor-widget elementor-widget-icon\" data-id=\"260f96b\" data-element_type=\"widget\" data-e-type=\"widget\" data-widget_type=\"icon.default\">\n\t\t\t\t<div class=\"elementor-widget-container\">\n\t\t\t\t\t\t\t<div class=\"elementor-icon-wrapper\">\n\t\t\t<div class=\"elementor-icon\">\n\t\t\t\t\t\t<\/div>\n\t\t<\/div>\n\t\t\t\t\t\t<\/div>\n\t\t\t\t<\/div>\n\t\t\t\t\t<\/div>\n\t\t<\/div>\n\t\t\t\t\t<\/div>\n\t\t<\/section>\n\t\t\t\t<section class=\"elementor-section elementor-top-section elementor-element elementor-element-8ec3bf9 elementor-section-boxed elementor-section-height-default elementor-section-height-default\" data-id=\"8ec3bf9\" data-element_type=\"section\" data-e-type=\"section\">\n\t\t\t\t\t\t<div class=\"elementor-container elementor-column-gap-no\">\n\t\t\t\t\t<div class=\"elementor-column elementor-col-50 elementor-top-column elementor-element elementor-element-938294f\" data-id=\"938294f\" data-element_type=\"column\" data-e-type=\"column\">\n\t\t\t<div class=\"elementor-widget-wrap elementor-element-populated\">\n\t\t\t\t\t\t<div class=\"elementor-element elementor-element-429d1ab elementor-widget elementor-widget-image-shape\" data-id=\"429d1ab\" data-element_type=\"widget\" data-e-type=\"widget\" data-widget_type=\"image-shape.default\">\n\t\t\t\t<div class=\"elementor-widget-container\">\n\t\t\t\t\t\t\t<div class=\"elementor-image\">\n\n            <div class=\"opal-image-shapes js-opal-image-shapes item--style-2\" data-morph-path=\"M476.49,6.43c-50.78,14.43-85.65,35.13-141.06,29.6c-52.17-5.2-101.8-33.63-154.28-34.47\n\t\t\tC88.53,0.08,12.93,98.07,1.89,184.49c-6.49,50.75,23.76,62.23,38.95,105.37c12.35,35.06,0.08,63.51,2.57,99.42\n\t\t\tc4.81,69.43,50.33,65.15,112.74,66.24c97.82,1.71,151.42,139.49,252.51,151.4c95.36,11.24,154.8-65.73,160.86-151.63\n\t\t\tc7.16-101.49,76.64-180.21,78.74-282.33C650.38,69.71,584.11-24.16,476.49,6.43z\" data-animation-path-duration=\"1000\" data-animation-path-delay=\"0\" data-animation-path-easing=\"easeInOutBack\" data-path-elasticity=\"1500\" data-path-scalex=\"1\" data-path-scaley=\"0.9\" data-path-translatex=\"-30\" data-path-translatey=\"30\" data-path-rotate=\"15\" data-animation-image-duration=\"1500\" data-animation-image-delay=\"0\" data-animation-image-easing=\"easeInOutQuart\" data-image-elasticity=\"400\" data-image-scalex=\"1.2\" data-image-scaley=\"1.2\" data-image-translatex=\"0\" data-image-translatey=\"40\" data-image-rotate=\"5\" data-animation-deco-duration=\"1000\" data-animation-deco-delay=\"500\" data-animation-deco-easing=\"easeOutQuad\" data-deco-elasticity=\"400\" data-deco-scalex=\"1\" data-deco-scaley=\"0.9\" data-deco-translatex=\"20\" data-deco-translatey=\"0\" data-deco-rotate=\"15\">\n                <svg class=\"item__svg\" viewBox=\"0 0 660 660\">\n                    <clipPath id=\"clippath_69d81d569a18a\">\n                        <path class=\"item__clippath\" d=\"M476.49,6.43c-50.78,14.43-85.65,35.13-141.06,29.6c-52.17-5.2-101.8-33.63-154.28-34.47\n\t\t\tC88.53,0.08,12.93,98.07,1.89,184.49c-6.49,50.75,23.76,62.23,38.95,105.37c12.35,35.06,0.08,63.51,2.57,99.42\n\t\t\tc4.81,69.43,50.33,65.15,112.74,66.24c97.82,1.71,151.42,139.49,252.51,151.4c95.36,11.24,154.8-65.73,160.86-151.63\n\t\t\tc7.16-101.49,76.64-180.21,78.74-282.33C650.38,69.71,584.11-24.16,476.49,6.43z\"><\/path>\n                    <\/clipPath>\n                                            <g class=\"item__deco\">\n                            <!--use xlink:href=\"#deco1\" \/-->\n                            <path class=\"item__clipdeco\" d=\"M555.26,279.2c-50.77-60.14-52.54-118.8-91.05-182.99C336.83-116.12,192.53,71.14,109.24,197.54\n\t\t\tC70.47,256.37,15.83,347.17,2.08,429.35c-17.65,105.5,83.21,210.06,209.97,205.53c42.3-1.51,99.73-7.56,143.23-3.95\n\t\t\tc35.84,2.97,66.27,16.71,103.7,12.87c82.49-8.45,165.92-61.81,188.68-145.24C674.34,400.77,611.56,345.89,555.26,279.2z\"><\/path>\n                        <\/g>\n                                        <g clip-path=\"url(#clippath_69d81d569a18a)\">\n                        <image class=\"item__img\" xlink:href=\"https:\/\/www.humanvet.de\/wp-content\/uploads\/2019\/03\/saba-vivisn-bild-e1737894167470.jpg\" width=\"640\" height=\"640\"><\/image>\n                    <\/g>\n                <\/svg>\n            <\/div>\n            \t\t<\/div>\n\t\t\t\t\t\t<\/div>\n\t\t\t\t<\/div>\n\t\t\t\t\t<\/div>\n\t\t<\/div>\n\t\t\t\t<div class=\"elementor-column elementor-col-50 elementor-top-column elementor-element elementor-element-99459a9\" data-id=\"99459a9\" data-element_type=\"column\" data-e-type=\"column\">\n\t\t\t<div class=\"elementor-widget-wrap elementor-element-populated\">\n\t\t\t\t\t\t<div class=\"elementor-element elementor-element-aed6a4e elementor-widget elementor-widget-text-editor\" data-id=\"aed6a4e\" data-element_type=\"widget\" data-e-type=\"widget\" data-widget_type=\"text-editor.default\">\n\t\t\t\t<div class=\"elementor-widget-container\">\n\t\t\t\t\t\t\t\t\t<p>Seit 2020 arbeite ich mit Tieren und habe in den letzten f\u00fcnf Jahren eine Leidenschaft zu meiner Berufung gemacht. In dieser Zeit habe ich erfolgreich Ausbildungen zur Tierheilpraktikerin, Aromatherapeutin und Ern\u00e4hrungsberaterin f\u00fcr Tiere abgeschlossen. Mit diesen Qualifikationen und meiner Zertifizierung als Tiertherapeutin stehe ich voller Hingabe f\u00fcr die Gesundheit und das Wohlbefinden von Tieren ein.<\/p><p>Meine Arbeit beruht nicht nur auf fundiertem Wissen, sondern auch auf eigener Erfahrung. Durch meine Arbeit konnte ich hautnah erleben, welche gro\u00dfartigen Erfolge die Tierheilpraktik erzielen kann. Es erf\u00fcllt mich, Tieren auf ihrem Weg zur Heilung und einem besseren Leben zu helfen.<\/p><p>Ich sehe meine Berufung als stetigen Entwicklungsprozess und bin bestrebt, mein Wissen weiter auszubauen, um Tieren und ihren Besitzern die bestm\u00f6gliche Unterst\u00fctzung bieten zu k\u00f6nnen. Meine Leidenschaft f\u00fcr Tiere und ihre Gesundheit treibt mich jeden Tag an. \u2764\ufe0f<\/p>\t\t\t\t\t\t\t\t<\/div>\n\t\t\t\t<\/div>\n\t\t\t\t\t<\/div>\n\t\t<\/div>\n\t\t\t\t\t<\/div>\n\t\t<\/section>\n\t\t\t\t<section class=\"elementor-section elementor-top-section elementor-element elementor-element-00a98f2 elementor-section-height-min-height elementor-section-content-middle elementor-section-boxed elementor-section-height-default elementor-section-items-middle\" data-id=\"00a98f2\" data-element_type=\"section\" data-e-type=\"section\" data-settings=\"{&quot;background_background&quot;:&quot;classic&quot;}\">\n\t\t\t\t\t\t<div class=\"elementor-container elementor-column-gap-no\">\n\t\t\t\t\t<div class=\"elementor-column elementor-col-25 elementor-top-column elementor-element elementor-element-108f0f2\" data-id=\"108f0f2\" data-element_type=\"column\" data-e-type=\"column\">\n\t\t\t<div class=\"elementor-widget-wrap elementor-element-populated\">\n\t\t\t\t\t\t<div class=\"elementor-element elementor-element-f4195bc elementor-position-left elementor-widget__width-auto elementor-widget elementor-widget-counter\" data-id=\"f4195bc\" data-element_type=\"widget\" data-e-type=\"widget\" data-widget_type=\"counter.default\">\n\t\t\t\t<div class=\"elementor-widget-container\">\n\t\t\t\t\t        <div class=\"elementor-counter\">\r\n                        <div class=\"elementor-icon-counter\">\r\n                                    <i class=\"lexus-icon-happy-clients\" aria-hidden=\"true\"><\/i>\r\n                            <\/div>\r\n                    <div class=\"elementor-counter-wrapper\">\r\n                <div class=\"elementor-counter-number-wrapper\">\r\n                    <span class=\"elementor-counter-number-prefix\"><\/span>\r\n                    <span class=\"elementor-counter-number\" data-duration=\"2000\" data-to-value=\"730\" data-delimiter=\",\">0<\/span>\r\n                    <span class=\"elementor-counter-number-suffix\">+<\/span>\r\n                <\/div>\r\n                                    <div class=\"elementor-counter-title\">Happy Clients<\/div>\r\n                            <\/div>\r\n        <\/div>\r\n        \t\t\t\t<\/div>\n\t\t\t\t<\/div>\n\t\t\t\t\t<\/div>\n\t\t<\/div>\n\t\t\t\t<div class=\"elementor-column elementor-col-25 elementor-top-column elementor-element elementor-element-1ff76ff\" data-id=\"1ff76ff\" data-element_type=\"column\" data-e-type=\"column\">\n\t\t\t<div class=\"elementor-widget-wrap elementor-element-populated\">\n\t\t\t\t\t\t<div class=\"elementor-element elementor-element-626e451 elementor-position-left elementor-widget__width-auto elementor-widget elementor-widget-counter\" data-id=\"626e451\" data-element_type=\"widget\" data-e-type=\"widget\" data-widget_type=\"counter.default\">\n\t\t\t\t<div class=\"elementor-widget-container\">\n\t\t\t\t\t        <div class=\"elementor-counter\">\r\n                        <div class=\"elementor-icon-counter\">\r\n                                    <i class=\"lexus-icon-professionals\" aria-hidden=\"true\"><\/i>\r\n                            <\/div>\r\n                    <div class=\"elementor-counter-wrapper\">\r\n                <div class=\"elementor-counter-number-wrapper\">\r\n                    <span class=\"elementor-counter-number-prefix\"><\/span>\r\n                    <span class=\"elementor-counter-number\" data-duration=\"2000\" data-to-value=\"80\" data-delimiter=\",\">0<\/span>\r\n                    <span class=\"elementor-counter-number-suffix\">+<\/span>\r\n                <\/div>\r\n                                    <div class=\"elementor-counter-title\">Professionals<\/div>\r\n                            <\/div>\r\n        <\/div>\r\n        \t\t\t\t<\/div>\n\t\t\t\t<\/div>\n\t\t\t\t\t<\/div>\n\t\t<\/div>\n\t\t\t\t<div class=\"elementor-column elementor-col-25 elementor-top-column elementor-element elementor-element-d1825d5\" data-id=\"d1825d5\" data-element_type=\"column\" data-e-type=\"column\">\n\t\t\t<div class=\"elementor-widget-wrap elementor-element-populated\">\n\t\t\t\t\t\t<div class=\"elementor-element elementor-element-564fa5c elementor-position-left elementor-widget__width-auto elementor-widget elementor-widget-counter\" data-id=\"564fa5c\" data-element_type=\"widget\" data-e-type=\"widget\" data-widget_type=\"counter.default\">\n\t\t\t\t<div class=\"elementor-widget-container\">\n\t\t\t\t\t        <div class=\"elementor-counter\">\r\n                        <div class=\"elementor-icon-counter\">\r\n                                    <i class=\"lexus-icon-adopted-pets\" aria-hidden=\"true\"><\/i>\r\n                            <\/div>\r\n                    <div class=\"elementor-counter-wrapper\">\r\n                <div class=\"elementor-counter-number-wrapper\">\r\n                    <span class=\"elementor-counter-number-prefix\"><\/span>\r\n                    <span class=\"elementor-counter-number\" data-duration=\"2000\" data-to-value=\"820\" data-delimiter=\",\">0<\/span>\r\n                    <span class=\"elementor-counter-number-suffix\">+<\/span>\r\n                <\/div>\r\n                                    <div class=\"elementor-counter-title\">Adopted Pets<\/div>\r\n                            <\/div>\r\n        <\/div>\r\n        \t\t\t\t<\/div>\n\t\t\t\t<\/div>\n\t\t\t\t\t<\/div>\n\t\t<\/div>\n\t\t\t\t<div class=\"elementor-column elementor-col-25 elementor-top-column elementor-element elementor-element-f96c7af\" data-id=\"f96c7af\" data-element_type=\"column\" data-e-type=\"column\">\n\t\t\t<div class=\"elementor-widget-wrap elementor-element-populated\">\n\t\t\t\t\t\t<div class=\"elementor-element elementor-element-90ffc47 elementor-position-left elementor-widget__width-auto elementor-widget-mobile__width-initial elementor-widget elementor-widget-counter\" data-id=\"90ffc47\" data-element_type=\"widget\" data-e-type=\"widget\" data-widget_type=\"counter.default\">\n\t\t\t\t<div class=\"elementor-widget-container\">\n\t\t\t\t\t        <div class=\"elementor-counter\">\r\n                        <div class=\"elementor-icon-counter\">\r\n                                    <i class=\"lexus-icon-awards\" aria-hidden=\"true\"><\/i>\r\n                            <\/div>\r\n                    <div class=\"elementor-counter-wrapper\">\r\n                <div class=\"elementor-counter-number-wrapper\">\r\n                    <span class=\"elementor-counter-number-prefix\"><\/span>\r\n                    <span class=\"elementor-counter-number\" data-duration=\"2000\" data-to-value=\"90\" data-delimiter=\",\">0<\/span>\r\n                    <span class=\"elementor-counter-number-suffix\">+<\/span>\r\n                <\/div>\r\n                                    <div class=\"elementor-counter-title\">Awards<\/div>\r\n                            <\/div>\r\n        <\/div>\r\n        \t\t\t\t<\/div>\n\t\t\t\t<\/div>\n\t\t\t\t\t<\/div>\n\t\t<\/div>\n\t\t\t\t\t<\/div>\n\t\t<\/section>\n\t\t\t\t<section class=\"elementor-section elementor-top-section elementor-element elementor-element-6ac3253 elementor-section-boxed elementor-section-height-default elementor-section-height-default\" data-id=\"6ac3253\" data-element_type=\"section\" data-e-type=\"section\">\n\t\t\t\t\t\t<div class=\"elementor-container elementor-column-gap-no\">\n\t\t\t\t\t<div class=\"elementor-column elementor-col-50 elementor-top-column elementor-element elementor-element-4947945\" data-id=\"4947945\" data-element_type=\"column\" data-e-type=\"column\">\n\t\t\t<div class=\"elementor-widget-wrap elementor-element-populated\">\n\t\t\t\t\t\t<section class=\"elementor-section elementor-inner-section elementor-element elementor-element-890c1f2 elementor-section-boxed elementor-section-height-default elementor-section-height-default\" data-id=\"890c1f2\" data-element_type=\"section\" data-e-type=\"section\">\n\t\t\t\t\t\t<div class=\"elementor-container elementor-column-gap-no\">\n\t\t\t\t\t<div class=\"elementor-column elementor-col-100 elementor-inner-column elementor-element elementor-element-fb27914\" data-id=\"fb27914\" data-element_type=\"column\" data-e-type=\"column\">\n\t\t\t<div class=\"elementor-widget-wrap elementor-element-populated\">\n\t\t\t\t\t\t<div class=\"elementor-element elementor-element-e52b41c elementor-align-left elementor-widget elementor-widget-heading\" data-id=\"e52b41c\" data-element_type=\"widget\" data-e-type=\"widget\" data-widget_type=\"heading.default\">\n\t\t\t\t<div class=\"elementor-widget-container\">\n\t\t\t\t\t<h2 class=\"elementor-heading-title elementor-size-xl\">Ich k\u00fcmmere mich um dein Tier, als w\u00e4re es mein eigenes<\/h2>\t\t\t\t<\/div>\n\t\t\t\t<\/div>\n\t\t\t\t<div class=\"elementor-element elementor-element-73c9808 elementor-view-default elementor-widget elementor-widget-icon\" data-id=\"73c9808\" data-element_type=\"widget\" data-e-type=\"widget\" data-widget_type=\"icon.default\">\n\t\t\t\t<div class=\"elementor-widget-container\">\n\t\t\t\t\t\t\t<div class=\"elementor-icon-wrapper\">\n\t\t\t<div class=\"elementor-icon\">\n\t\t\t\t\t\t<\/div>\n\t\t<\/div>\n\t\t\t\t\t\t<\/div>\n\t\t\t\t<\/div>\n\t\t\t\t<div class=\"elementor-element elementor-element-732eb21 elementor-widget elementor-widget-text-editor\" data-id=\"732eb21\" data-element_type=\"widget\" data-e-type=\"widget\" data-widget_type=\"text-editor.default\">\n\t\t\t\t<div class=\"elementor-widget-container\">\n\t\t\t\t\t\t\t\t\t<p>Wenn es um die Gesundheit und das Wohlbefinden deines Tieres geht, gibt es f\u00fcr mich nichts Wichtigeres, als ihm mit Liebe, Hingabe und dem n\u00f6tigen Fachwissen zu helfen. Seit 2020 bin ich als Tierheilpraktikerin t\u00e4tig und habe in dieser Zeit nicht nur wertvolle Ausbildungen und Erfahrungen gesammelt, sondern auch eine tiefe Verbindung zu den Tieren aufgebaut. Ich wei\u00df, wie wichtig es ist, dass dein Haustier die bestm\u00f6gliche Betreuung erh\u00e4lt \u2013 genauso, wie ich es f\u00fcr mein eigenes Tier tun w\u00fcrde.<\/p><p>In meiner Arbeit gehe ich mit Empathie und Verst\u00e4ndnis auf die individuellen Bed\u00fcrfnisse jedes Tieres ein. Ob bei akuten oder chronischen Beschwerden, ich nehme mir die Zeit, jedes Tier ganzheitlich zu betrachten und eine ma\u00dfgeschneiderte Therapie zu entwickeln. Dabei setze ich auf nat\u00fcrliche Heilmethoden, die den K\u00f6rper und Geist deines Tieres sanft unterst\u00fctzen, ohne ihn unn\u00f6tig zu belasten. Mein Ziel ist es, nicht nur Symptome zu behandeln, sondern die Ursache der Beschwerden zu erkennen und zu beheben.<\/p><p>Ich m\u00f6chte, dass du und dein Tier euch w\u00e4hrend des gesamten Heilungsprozesses sicher und wohl f\u00fchlt. Daher biete ich eine umfassende Beratung und Betreuung an, die nicht nur auf medizinischen Aspekten basiert, sondern auch auf Vertrauen und Kommunikation. Es ist mir wichtig, dass du dich als Tierbesitzer gut informiert und unterst\u00fctzt f\u00fchlst \u2013 genau so, wie ich mich auch immer auf meine eigenen Tiere verlassen m\u00f6chte.<\/p><p>Mit meinem Wissen in der Tierheilpraktik, Aromatherapie und Ern\u00e4hrungsberatung f\u00fcr Tiere gebe ich mein Bestes, um die Lebensqualit\u00e4t deines Tieres zu steigern und es auf seinem Weg zu einer besseren Gesundheit zu begleiten. Ich k\u00fcmmere mich um dein Tier, als w\u00e4re es mein eigenes, weil ich genau wei\u00df, wie wertvoll diese Beziehung ist und wie wichtig es ist, die richtige Unterst\u00fctzung zu bieten.<\/p><p>Lass uns gemeinsam daf\u00fcr sorgen, dass dein Tier gesund, gl\u00fccklich und voller Lebensfreude bleibt!<\/p>\t\t\t\t\t\t\t\t<\/div>\n\t\t\t\t<\/div>\n\t\t\t\t\t<\/div>\n\t\t<\/div>\n\t\t\t\t\t<\/div>\n\t\t<\/section>\n\t\t\t\t\t<\/div>\n\t\t<\/div>\n\t\t\t\t<div class=\"elementor-column elementor-col-50 elementor-top-column elementor-element elementor-element-666266b\" data-id=\"666266b\" data-element_type=\"column\" data-e-type=\"column\">\n\t\t\t<div class=\"elementor-widget-wrap elementor-element-populated\">\n\t\t\t\t\t\t<div class=\"elementor-element elementor-element-7a11865 elementor-event-type-toggle elementor-widget elementor-widget-toggle\" data-id=\"7a11865\" data-element_type=\"widget\" data-e-type=\"widget\" data-widget_type=\"toggle.default\">\n\t\t\t\t<div class=\"elementor-widget-container\">\n\t\t\t\t\t\t\t<div class=\"elementor-toggle\" role=\"tablist\">\r\n\t\t\t\t\t\t\t<div class=\"elementor-toggle-item\">\r\n\t\t\t\t\t<div class=\"elementor-active elementor-tab-title\" id=\"elementor-tab-title-1271\" tabindex=\"1271\" data-tab=\"1\" role=\"tab\" aria-controls=\"elementor-tab-content-1271\">\r\n\t\t\t\t\t\t\t\t\t\t\t\t<span class=\"elementor-toggle-icon elementor-toggle-icon-left\" aria-hidden=\"true\">\r\n\t\t\t\t\t\t\t<i class=\"elementor-toggle-icon-closed fa fa-check-circle\"><\/i>\r\n\t\t\t\t\t\t\t<i class=\"elementor-toggle-icon-opened fa fa-check-circle\"><\/i>\r\n\t\t\t\t\t\t<\/span>\r\n\t\t\t\t\t\t\t\t\t\t\t\tEMPATHIE UND GEDULD\t\t\t\t\t<\/div>\r\n\t\t\t\t\t<div style=\"display: block;\" id=\"elementor-tab-content-1271\" class=\"elementor-tab-content elementor-clearfix\" data-tab=\"1\" role=\"tabpanel\" aria-labelledby=\"elementor-tab-title-1271\"><ul><li>Zuh\u00f6ren und die K\u00f6rpersprache des Tieres deuten<\/li><li>Langsame Ann\u00e4herung an das Tier, um Vertrauen aufzubauen<\/li><li>Geduld bei der Behandlung, um Stress zu vermeiden<\/li><\/ul><\/div>\r\n\t\t\t\t<\/div>\r\n\t\t\t\t\t\t\t<div class=\"elementor-toggle-item\">\r\n\t\t\t\t\t<div id=\"elementor-tab-title-1272\" class=\"elementor-tab-title\" tabindex=\"1272\" data-tab=\"2\" role=\"tab\" aria-controls=\"elementor-tab-content-1272\">\r\n\t\t\t\t\t\t\t\t\t\t\t\t<span class=\"elementor-toggle-icon elementor-toggle-icon-left\" aria-hidden=\"true\">\r\n\t\t\t\t\t\t\t<i class=\"elementor-toggle-icon-closed fa fa-check-circle\"><\/i>\r\n\t\t\t\t\t\t\t<i class=\"elementor-toggle-icon-opened fa fa-check-circle\"><\/i>\r\n\t\t\t\t\t\t<\/span>\r\n\t\t\t\t\t\t\t\t\t\t\t\tINDIVIDUELLE BEHANDLUNG\t\t\t\t\t<\/div>\r\n\t\t\t\t\t<div id=\"elementor-tab-content-1272\" class=\"elementor-tab-content elementor-clearfix\" data-tab=\"2\" role=\"tabpanel\" aria-labelledby=\"elementor-tab-title-1272\"><ul><li>Auf die speziellen Bed\u00fcrfnisse jedes Tieres eingehen<\/li><li>Ganzheitliche Betrachtung von K\u00f6rper, Geist und Verhalten<\/li><li>Ma\u00dfgeschneiderte Therapieans\u00e4tze entsprechend der Symptomatik und der Tierart<\/li><\/ul><\/div>\r\n\t\t\t\t<\/div>\r\n\t\t\t\t\t\t\t<div class=\"elementor-toggle-item\">\r\n\t\t\t\t\t<div id=\"elementor-tab-title-1273\" class=\"elementor-tab-title\" tabindex=\"1273\" data-tab=\"3\" role=\"tab\" aria-controls=\"elementor-tab-content-1273\">\r\n\t\t\t\t\t\t\t\t\t\t\t\t<span class=\"elementor-toggle-icon elementor-toggle-icon-left\" aria-hidden=\"true\">\r\n\t\t\t\t\t\t\t<i class=\"elementor-toggle-icon-closed fa fa-check-circle\"><\/i>\r\n\t\t\t\t\t\t\t<i class=\"elementor-toggle-icon-opened fa fa-check-circle\"><\/i>\r\n\t\t\t\t\t\t<\/span>\r\n\t\t\t\t\t\t\t\t\t\t\t\tSANFTE UND NAT\u00dcRLICHE HEILMETHODEN\t\t\t\t\t<\/div>\r\n\t\t\t\t\t<div id=\"elementor-tab-content-1273\" class=\"elementor-tab-content elementor-clearfix\" data-tab=\"3\" role=\"tabpanel\" aria-labelledby=\"elementor-tab-title-1273\"><ul><li>Einsatz von sanften Techniken wie Akupunktur, Hom\u00f6opathie oder Aromatherapie<\/li><li>Stressfreie Behandlungsmethoden, die das Wohlbefinden f\u00f6rdern<\/li><li>Vorbeugende Pflege, um das Immunsystem des Tieres zu st\u00e4rken<\/li><\/ul><\/div>\r\n\t\t\t\t<\/div>\r\n\t\t\t\t\t<\/div>\r\n\t\t\t\t\t\t<\/div>\n\t\t\t\t<\/div>\n\t\t\t\t\t<\/div>\n\t\t<\/div>\n\t\t\t\t\t<\/div>\n\t\t<\/section>\n\t\t<div class=\"elementor-element elementor-element-b5b40ec e-flex e-con-boxed e-con e-parent\" data-id=\"b5b40ec\" data-element_type=\"container\" data-e-type=\"container\">\n\t\t\t\t\t<div class=\"e-con-inner\">\n\t\t\t\t<div class=\"elementor-element elementor-element-13638c6 elementor-icon-list--layout-traditional elementor-list-item-link-full_width elementor-widget elementor-widget-icon-list\" data-id=\"13638c6\" data-element_type=\"widget\" data-e-type=\"widget\" data-widget_type=\"icon-list.default\">\n\t\t\t\t<div class=\"elementor-widget-container\">\n\t\t\t\t\t\t\t<ul class=\"elementor-icon-list-items\">\n\t\t\t\t\t\t\t<li class=\"elementor-icon-list-item\">\n\t\t\t\t\t\t\t\t\t\t<span class=\"elementor-icon-list-text\"><\/span>\n\t\t\t\t\t\t\t\t\t<\/li>\n\t\t\t\t\t\t<\/ul>\n\t\t\t\t\t\t<\/div>\n\t\t\t\t<\/div>\n\t\t\t\t\t<\/div>\n\t\t\t\t<\/div>\n\t\t\t\t<\/div>\n\t\t","protected":false},"excerpt":{"rendered":"<p>Mit Liebe und Wissen f\u00fcr die Gesundheit deines Tieres Seit 2020 arbeite ich mit Tieren und habe in den letzten f\u00fcnf Jahren eine Leidenschaft zu meiner Berufung gemacht. In dieser Zeit habe ich erfolgreich Ausbildungen zur Tierheilpraktikerin, Aromatherapeutin und Ern\u00e4hrungsberaterin f\u00fcr Tiere abgeschlossen. Mit diesen Qualifikationen und meiner Zertifizierung als Tiertherapeutin stehe ich voller Hingabe<\/p>\n","protected":false},"author":1,"featured_media":0,"parent":0,"menu_order":0,"comment_status":"closed","ping_status":"closed","template":"page-templates\/page-elementor.php","meta":{"footnotes":""},"class_list":["post-128","page","type-page","status-publish","hentry"],"_links":{"self":[{"href":"https:\/\/www.humanvet.de\/index.php\/wp-json\/wp\/v2\/pages\/128","targetHints":{"allow":["GET"]}}],"collection":[{"href":"https:\/\/www.humanvet.de\/index.php\/wp-json\/wp\/v2\/pages"}],"about":[{"href":"https:\/\/www.humanvet.de\/index.php\/wp-json\/wp\/v2\/types\/page"}],"author":[{"embeddable":true,"href":"https:\/\/www.humanvet.de\/index.php\/wp-json\/wp\/v2\/users\/1"}],"replies":[{"embeddable":true,"href":"https:\/\/www.humanvet.de\/index.php\/wp-json\/wp\/v2\/comments?post=128"}],"version-history":[{"count":29,"href":"https:\/\/www.humanvet.de\/index.php\/wp-json\/wp\/v2\/pages\/128\/revisions"}],"predecessor-version":[{"id":838,"href":"https:\/\/www.humanvet.de\/index.php\/wp-json\/wp\/v2\/pages\/128\/revisions\/838"}],"wp:attachment":[{"href":"https:\/\/www.humanvet.de\/index.php\/wp-json\/wp\/v2\/media?parent=128"}],"curies":[{"name":"wp","href":"https:\/\/api.w.org\/{rel}","templated":true}]}}